{"id":42,"date":"2023-05-14T12:01:22","date_gmt":"2023-05-14T12:01:22","guid":{"rendered":"https:\/\/studioimperial.hu\/about\/"},"modified":"2025-02-26T23:32:49","modified_gmt":"2025-02-26T22:32:49","slug":"rolunk","status":"publish","type":"page","link":"https:\/\/studioimperial.hu\/en\/rolunk\/","title":{"rendered":"About Us"},"content":{"rendered":"<div data-elementor-type=\"wp-page\" data-elementor-id=\"42\" class=\"elementor elementor-42\" data-elementor-post-type=\"page\">\n\t\t\t\t<div class=\"elementor-element elementor-element-6086443 e-flex e-con-boxed e-con e-parent\" data-id=\"6086443\" data-element_type=\"container\">\n\t\t\t\t\t<div class=\"e-con-inner\">\n\t\t<div class=\"elementor-element elementor-element-9fdc399 e-con-full e-flex e-con e-child\" data-id=\"9fdc399\" data-element_type=\"container\">\n\t\t\t\t<div class=\"elementor-element elementor-element-5a5e4f1 elementor-widget elementor-widget-heading\" data-id=\"5a5e4f1\" data-element_type=\"widget\" data-widget_type=\"heading.default\">\n\t\t\t\t<div class=\"elementor-widget-container\">\n\t\t\t\t\t<h2 class=\"elementor-heading-title elementor-size-default\"><span class=\"elementor-heading-title elementor-size-default elementor-inline-editing pen\" data-elementor-setting-key=\"title\" data-pen-placeholder=\"Type Here...\" style=\"font-family: Alice, sans-serif;line-height: 56px;font-size: 40px;text-transform: uppercase;font-style: normal;text-decoration: none\">\"STYLE AND ELEGANCE IN THE PICTURES\"<\/span><\/h2>\t\t\t\t<\/div>\n\t\t\t\t<\/div>\n\t\t\t\t<\/div>\n\t\t<div class=\"elementor-element elementor-element-8a844e5 e-con-full e-flex e-con e-child\" data-id=\"8a844e5\" data-element_type=\"container\">\n\t\t\t\t<div class=\"elementor-element elementor-element-fb62983 elementor-widget elementor-widget-text-editor\" data-id=\"fb62983\" data-element_type=\"widget\" data-widget_type=\"text-editor.default\">\n\t\t\t\t<div class=\"elementor-widget-container\">\n\t\t\t\t\t\t\t\t\t<p class=\"p1\" style=\"caret-color: #000000; color: #000000;\"><span class=\"s1\"><b>Studio<\/b> <\/span><b>Imperial Photo and Video Studio - Premium photography with a unique atmosphere<\/b><\/p><p class=\"p1\" style=\"caret-color: #000000; color: #000000;\"><span class=\"s1\">Us\u00a0<\/span><b>not just taking pictures, but creating lasting memories<\/b><span class=\"s1\">Be it\u00a0<\/span><b>wedding, fashion, business or family photography<\/b><span class=\"s1\">, every moment is unique and unrepeatable.<\/span><\/p><p class=\"p1\" style=\"caret-color: #000000; color: #000000;\"><span class=\"s1\">\ud83d\udd39\u00a0<\/span><b>Professional team<\/b><span class=\"s1\">\u00a0\ud83d\udd39\u00a0<\/span><b>Personalised photography<\/b><span class=\"s1\">\u00a0\ud83d\udd39\u00a0<\/span><b>Perfect atmosphere<\/b><\/p><p class=\"p1\" style=\"caret-color: #000000; color: #000000;\"><span class=\"s1\">Let your pictures\u00a0<\/span><b>really be about you<\/b><span class=\"s1\">\u00a0\u2013\u00a0<\/span><b>book an appointment now and let's create something special together!<\/b><\/p>\t\t\t\t\t\t\t\t<\/div>\n\t\t\t\t<\/div>\n\t\t\t\t<\/div>\n\t\t\t\t\t<\/div>\n\t\t\t\t<\/div>\n\t\t<div class=\"elementor-element elementor-element-498ff47 e-flex e-con-boxed e-con e-parent\" data-id=\"498ff47\" data-element_type=\"container\">\n\t\t\t\t\t<div class=\"e-con-inner\">\n\t\t\t\t<div class=\"elementor-element elementor-element-5b0d31f elementor-widget elementor-widget-heading\" data-id=\"5b0d31f\" data-element_type=\"widget\" data-widget_type=\"heading.default\">\n\t\t\t\t<div class=\"elementor-widget-container\">\n\t\t\t\t\t<h2 class=\"elementor-heading-title elementor-size-default\"><span style=\"text-align: center;text-transform: capitalize\">MEET THE TEAM<\/span><br><\/h2>\t\t\t\t<\/div>\n\t\t\t\t<\/div>\n\t\t\t\t\t<\/div>\n\t\t\t\t<\/div>\n\t\t<div class=\"elementor-element elementor-element-66a6803 e-flex e-con-boxed e-con e-parent\" data-id=\"66a6803\" data-element_type=\"container\">\n\t\t\t\t\t<div class=\"e-con-inner\">\n\t\t<div class=\"elementor-element elementor-element-a1a1e40 e-con-full e-flex e-con e-child\" data-id=\"a1a1e40\" data-element_type=\"container\">\n\t\t\t\t<div class=\"elementor-element elementor-element-3439e3a elementor-widget__width-initial elementor-widget-mobile__width-initial elementor-widget elementor-widget-heading\" data-id=\"3439e3a\" data-element_type=\"widget\" data-widget_type=\"heading.default\">\n\t\t\t\t<div class=\"elementor-widget-container\">\n\t\t\t\t\t<h2 class=\"elementor-heading-title elementor-size-default\"><span class=\"elementor-heading-title elementor-size-default elementor-inline-editing pen\" data-elementor-setting-key=\"title\" data-pen-placeholder=\"Type Here...\" style=\"font-family: var( --e-global-typography-95e29bd-font-family ), Sans-serif;line-height: var( --e-global-typography-95e29bd-line-height );font-size: var( --e-global-typography-95e29bd-font-size );text-transform: var( --e-global-typography-95e29bd-text-transform );font-style: normal;text-decoration: none\">KITTY AND BAL\u00c1ZS<\/span><\/h2>\t\t\t\t<\/div>\n\t\t\t\t<\/div>\n\t\t\t\t<div class=\"elementor-element elementor-element-5164d9c elementor-widget__width-initial elementor-widget-mobile__width-initial elementor-widget elementor-widget-text-editor\" data-id=\"5164d9c\" data-element_type=\"widget\" data-widget_type=\"text-editor.default\">\n\t\t\t\t<div class=\"elementor-widget-container\">\n\t\t\t\t\t\t\t\t\t<p><span style=\"caret-color: #000000; color: #000000; text-transform: uppercase;\">@PUZZLEGOALSZ<\/span><\/p>\t\t\t\t\t\t\t\t<\/div>\n\t\t\t\t<\/div>\n\t\t\t\t<div class=\"elementor-element elementor-element-21d3ed6 elementor-widget elementor-widget-text-editor\" data-id=\"21d3ed6\" data-element_type=\"widget\" data-widget_type=\"text-editor.default\">\n\t\t\t\t<div class=\"elementor-widget-container\">\n\t\t\t\t\t\t\t\t\t<p class=\"p1\"><b>Welcome to the world of Puzzlegoals!<\/b><\/p><p class=\"p3\">We are <span class=\"s1\"><b>Kitty and Bal\u00e1zs<\/b><\/span>, a pair of adventurous travellers who, over the years. <span class=\"s1\"><b>more than 30 countries have been explored<\/b><\/span>to experience and capture the most special moments in the world. <span class=\"s1\"><b>We share our experiences on Instagram and TikTok<\/b><\/span>, providing inspiration for all those who also want to set off and discover the wonders of the world.<\/p><p class=\"p4\"><b>Puzzlegoals - our lives are one big puzzle, where every experience is a piece of the whole picture!<\/b><\/p><p class=\"p3\">Each of our photos tells a story - <span class=\"s1\"><b>breathtaking landscapes, unforgettable adventures and shared moments come together in one big whole<\/b><\/span>. During our travels we have found that <span class=\"s1\"><b>memories are the most precious treasures<\/b><\/span>, and a new passion was born to preserve them.<\/p><p class=\"p4\"><b>We bring you exciting news!<\/b><span class=\"s2\"> We have opened our own <\/span><b>photo studio, the Studio Imperial<\/b><\/p><p class=\"p3\">Now we not only capture beauty in the world, but also <span class=\"s1\"><b>we help you create lasting memories<\/b><\/span>. <span class=\"s1\"><b>In our professional studio you can create the perfect images<\/b><\/span>that preserve happy moments forever - whether portraits, couples, family or creative photography.<\/p><p class=\"p4\"><span style=\"text-align: var(--text-align);\">Follow us on Instagram or TikTok, get inspired by our adventures and find your own puzzle pieces in life! Explore the world with us and let your <\/span><span class=\"s1\" style=\"text-align: var(--text-align);\"><b>Let the surroundings of Studio Imperial bring your best memories to life with pictures or videos taken with us!<\/b><\/span><\/p>\t\t\t\t\t\t\t\t<\/div>\n\t\t\t\t<\/div>\n\t\t\t\t<\/div>\n\t\t<div class=\"elementor-element elementor-element-92298d0 e-con-full e-flex e-con e-child\" data-id=\"92298d0\" data-element_type=\"container\">\n\t\t\t\t<div class=\"elementor-element elementor-element-9fde6fa elementor-widget elementor-widget-image\" data-id=\"9fde6fa\" data-element_type=\"widget\" data-widget_type=\"image.default\">\n\t\t\t\t<div class=\"elementor-widget-container\">\n\t\t\t\t\t\t\t\t\t\t\t\t\t\t\t<img fetchpriority=\"high\" decoding=\"async\" width=\"644\" height=\"1024\" src=\"https:\/\/studioimperial.hu\/wp-content\/uploads\/2023\/11\/DSC1400-scaled-e1698859504597-644x1024.jpg\" class=\"attachment-large size-large wp-image-1809\" alt=\"\" srcset=\"https:\/\/studioimperial.hu\/wp-content\/uploads\/2023\/11\/DSC1400-scaled-e1698859504597-644x1024.jpg 644w, https:\/\/studioimperial.hu\/wp-content\/uploads\/2023\/11\/DSC1400-scaled-e1698859504597-189x300.jpg 189w, https:\/\/studioimperial.hu\/wp-content\/uploads\/2023\/11\/DSC1400-scaled-e1698859504597-768x1222.jpg 768w, https:\/\/studioimperial.hu\/wp-content\/uploads\/2023\/11\/DSC1400-scaled-e1698859504597-965x1536.jpg 965w, https:\/\/studioimperial.hu\/wp-content\/uploads\/2023\/11\/DSC1400-scaled-e1698859504597-1287x2048.jpg 1287w, https:\/\/studioimperial.hu\/wp-content\/uploads\/2023\/11\/DSC1400-scaled-e1698859504597-8x12.jpg 8w, https:\/\/studioimperial.hu\/wp-content\/uploads\/2023\/11\/DSC1400-scaled-e1698859504597.jpg 1582w\" sizes=\"(max-width: 644px) 100vw, 644px\" \/>\t\t\t\t\t\t\t\t\t\t\t\t\t\t\t<\/div>\n\t\t\t\t<\/div>\n\t\t\t\t<\/div>\n\t\t\t\t\t<\/div>\n\t\t\t\t<\/div>\n\t\t<div class=\"elementor-element elementor-element-14b5f7f e-flex e-con-boxed e-con e-parent\" data-id=\"14b5f7f\" data-element_type=\"container\">\n\t\t\t\t\t<div class=\"e-con-inner\">\n\t\t<div class=\"elementor-element elementor-element-c9a8325 e-con-full e-flex e-con e-child\" data-id=\"c9a8325\" data-element_type=\"container\">\n\t\t\t\t<div class=\"elementor-element elementor-element-730a3dd elementor-position-top elementor-widget elementor-widget-image-box\" data-id=\"730a3dd\" data-element_type=\"widget\" data-widget_type=\"image-box.default\">\n\t\t\t\t<div class=\"elementor-widget-container\">\n\t\t\t\t\t<div class=\"elementor-image-box-wrapper\"><figure class=\"elementor-image-box-img\"><img decoding=\"async\" width=\"800\" height=\"800\" src=\"https:\/\/studioimperial.hu\/wp-content\/uploads\/2023\/11\/DSC1363-scaled-e1698859560112-1024x1024.jpg\" class=\"elementor-animation-grow attachment-large size-large wp-image-1810\" alt=\"\" srcset=\"https:\/\/studioimperial.hu\/wp-content\/uploads\/2023\/11\/DSC1363-scaled-e1698859560112-1024x1024.jpg 1024w, https:\/\/studioimperial.hu\/wp-content\/uploads\/2023\/11\/DSC1363-scaled-e1698859560112-300x300.jpg 300w, https:\/\/studioimperial.hu\/wp-content\/uploads\/2023\/11\/DSC1363-scaled-e1698859560112-150x150.jpg 150w, https:\/\/studioimperial.hu\/wp-content\/uploads\/2023\/11\/DSC1363-scaled-e1698859560112-768x768.jpg 768w, https:\/\/studioimperial.hu\/wp-content\/uploads\/2023\/11\/DSC1363-scaled-e1698859560112-12x12.jpg 12w, https:\/\/studioimperial.hu\/wp-content\/uploads\/2023\/11\/DSC1363-scaled-e1698859560112.jpg 1501w\" sizes=\"(max-width: 800px) 100vw, 800px\" \/><\/figure><div class=\"elementor-image-box-content\"><h3 class=\"elementor-image-box-title\">Kitty<\/h3><p class=\"elementor-image-box-description\">\ud83d\udcf2 Social Media Manager | Tartalomk\u00e9sz\u00edt\u0151 | PPC szak\u00e9rt\u0151 \ud83c\udfaf\n\ud83c\udfa5 Vide\u00f3s | Sminkes | Vizu\u00e1lis mesemond\u00f3<\/p><\/div><\/div>\t\t\t\t<\/div>\n\t\t\t\t<\/div>\n\t\t\t\t<div class=\"elementor-element elementor-element-2bfb8d6 elementor-widget elementor-widget-text-editor\" data-id=\"2bfb8d6\" data-element_type=\"widget\" data-widget_type=\"text-editor.default\">\n\t\t\t\t<div class=\"elementor-widget-container\">\n\t\t\t\t\t\t\t\t\t<p class=\"p1\"><span class=\"s1\"><b>Kitty<\/b> one <b>expert<\/b><\/span><b>\u00a0social media specialist<\/b><span class=\"s1\">, for whom no mission is impossible. <\/span><b>Strategic thinking and extensive experience<\/b><span class=\"s1\"> helps brands and businesses grow. <\/span><b>Whether it's content production, social media management or campaign optimisation, Kitty always delivers the best solution!<\/b><span class=\"s1\"> \ud83d\ude80<\/span><\/p>\t\t\t\t\t\t\t\t<\/div>\n\t\t\t\t<\/div>\n\t\t\t\t<\/div>\n\t\t<div class=\"elementor-element elementor-element-b63df96 e-con-full e-flex e-con e-child\" data-id=\"b63df96\" data-element_type=\"container\">\n\t\t\t\t<div class=\"elementor-element elementor-element-120e536 elementor-position-top elementor-widget elementor-widget-image-box\" data-id=\"120e536\" data-element_type=\"widget\" data-widget_type=\"image-box.default\">\n\t\t\t\t<div class=\"elementor-widget-container\">\n\t\t\t\t\t<div class=\"elementor-image-box-wrapper\"><figure class=\"elementor-image-box-img\"><img decoding=\"async\" width=\"800\" height=\"809\" src=\"https:\/\/studioimperial.hu\/wp-content\/uploads\/2023\/11\/Balazs-e1706817629460-1012x1024.png\" class=\"elementor-animation-grow attachment-large size-large wp-image-1815\" alt=\"\" srcset=\"https:\/\/studioimperial.hu\/wp-content\/uploads\/2023\/11\/Balazs-e1706817629460-1012x1024.png 1012w, https:\/\/studioimperial.hu\/wp-content\/uploads\/2023\/11\/Balazs-e1706817629460-296x300.png 296w, https:\/\/studioimperial.hu\/wp-content\/uploads\/2023\/11\/Balazs-e1706817629460-768x777.png 768w, https:\/\/studioimperial.hu\/wp-content\/uploads\/2023\/11\/Balazs-e1706817629460-12x12.png 12w, https:\/\/studioimperial.hu\/wp-content\/uploads\/2023\/11\/Balazs-e1706817629460.png 1064w\" sizes=\"(max-width: 800px) 100vw, 800px\" \/><\/figure><div class=\"elementor-image-box-content\"><h3 class=\"elementor-image-box-title\">Bal\u00e1zs<\/h3><p class=\"elementor-image-box-description\">\ud83d\udcf8 Photographer | Product Marketing | Design Expert \ud83d\ude80\n<\/p><\/div><\/div>\t\t\t\t<\/div>\n\t\t\t\t<\/div>\n\t\t\t\t<div class=\"elementor-element elementor-element-3f368de elementor-widget elementor-widget-text-editor\" data-id=\"3f368de\" data-element_type=\"widget\" data-widget_type=\"text-editor.default\">\n\t\t\t\t<div class=\"elementor-widget-container\">\n\t\t\t\t\t\t\t\t\t<p class=\"p1\" style=\"caret-color: #000000; color: #000000;\"><b>Bal\u00e1zs<\/b><span class=\"s1\">&nbsp;one&nbsp;<\/span><b>visual storyteller, product management specialist and creative designer<\/b><span class=\"s1\">, who is more than&nbsp;<\/span><b>11 years<\/b><span class=\"s1\">&nbsp;creates in the world of photography and marketing. His passion is to&nbsp;<\/span><b>powerful visual content and innovative product solutions&nbsp;<\/b><span class=\"s1\">that stand out in the digital space.<\/span><\/p>\t\t\t\t\t\t\t\t<\/div>\n\t\t\t\t<\/div>\n\t\t\t\t<\/div>\n\t\t\t\t\t<\/div>\n\t\t\t\t<\/div>\n\t\t\t\t<\/div>","protected":false},"excerpt":{"rendered":"<p>\u201cST\u00cdLUS \u00c9S ELEGANCIA A K\u00c9PEKBEN\u201d Studio Imperial \u00a0Fot\u00f3 \u00e9s Vide\u00f3 St\u00fadi\u00f3 \u2013 Pr\u00e9mium fot\u00f3z\u00e1s egyedi hangulattal Mi\u00a0nem csup\u00e1n k\u00e9peket k\u00e9sz\u00edt\u00fcnk, hanem maradand\u00f3 eml\u00e9keket alkotunk. Legyen sz\u00f3\u00a0esk\u00fcv\u0151i, divat-, \u00fczleti vagy csal\u00e1di fot\u00f3z\u00e1sr\u00f3l, minden pillanat egyedi \u00e9s megism\u00e9telhetetlen. \ud83d\udd39\u00a0Professzion\u00e1lis csapat\u00a0\ud83d\udd39\u00a0Szem\u00e9lyre szabott fot\u00f3z\u00e1s\u00a0\ud83d\udd39\u00a0T\u00f6k\u00e9letes atmoszf\u00e9ra Engedd, hogy a k\u00e9peid\u00a0igaz\u00e1n r\u00f3lad sz\u00f3ljanak\u00a0\u2013\u00a0foglalj id\u0151pontot most, \u00e9s alkossunk egy\u00fctt valami k\u00fcl\u00f6nlegeset! ISMERD [&hellip;]<\/p>","protected":false},"author":1,"featured_media":0,"parent":0,"menu_order":0,"comment_status":"closed","ping_status":"closed","template":"elementor_header_footer","meta":{"_seopress_robots_primary_cat":"","_seopress_titles_title":"","_seopress_titles_desc":"","_seopress_robots_index":"","footnotes":""},"class_list":["post-42","page","type-page","status-publish","hentry"],"_links":{"self":[{"href":"https:\/\/studioimperial.hu\/en\/wp-json\/wp\/v2\/pages\/42","targetHints":{"allow":["GET"]}}],"collection":[{"href":"https:\/\/studioimperial.hu\/en\/wp-json\/wp\/v2\/pages"}],"about":[{"href":"https:\/\/studioimperial.hu\/en\/wp-json\/wp\/v2\/types\/page"}],"author":[{"embeddable":true,"href":"https:\/\/studioimperial.hu\/en\/wp-json\/wp\/v2\/users\/1"}],"replies":[{"embeddable":true,"href":"https:\/\/studioimperial.hu\/en\/wp-json\/wp\/v2\/comments?post=42"}],"version-history":[{"count":25,"href":"https:\/\/studioimperial.hu\/en\/wp-json\/wp\/v2\/pages\/42\/revisions"}],"predecessor-version":[{"id":2719,"href":"https:\/\/studioimperial.hu\/en\/wp-json\/wp\/v2\/pages\/42\/revisions\/2719"}],"wp:attachment":[{"href":"https:\/\/studioimperial.hu\/en\/wp-json\/wp\/v2\/media?parent=42"}],"curies":[{"name":"wp","href":"https:\/\/api.w.org\/{rel}","templated":true}]}}