{"id":2045,"date":"2024-02-01T21:38:26","date_gmt":"2024-02-01T20:38:26","guid":{"rendered":"https:\/\/studioimperial.hu\/?page_id=2045"},"modified":"2025-04-21T22:21:25","modified_gmt":"2025-04-21T21:21:25","slug":"jelentkezes","status":"publish","type":"page","link":"https:\/\/studioimperial.hu\/en\/jelentkezes\/","title":{"rendered":"Jelentkez\u00e9s"},"content":{"rendered":"<div data-elementor-type=\"wp-page\" data-elementor-id=\"2045\" class=\"elementor elementor-2045\" data-elementor-post-type=\"page\">\n\t\t\t\t<div class=\"elementor-element elementor-element-42884f0 e-flex e-con-boxed e-con e-parent\" data-id=\"42884f0\" data-element_type=\"container\">\n\t\t\t\t\t<div class=\"e-con-inner\">\n\t\t\t\t<div class=\"elementor-element elementor-element-f1b1dab elementor-widget elementor-widget-heading\" data-id=\"f1b1dab\" data-element_type=\"widget\" data-widget_type=\"heading.default\">\n\t\t\t\t<div class=\"elementor-widget-container\">\n\t\t\t\t\t<h2 class=\"elementor-heading-title elementor-size-default\">St\u00fadi\u00f3fot\u00f3z\u00e1s \u00e9s f\u00e9nyhaszn\u00e1lat <br>workshop kezd\u0151knek<\/h2>\t\t\t\t<\/div>\n\t\t\t\t<\/div>\n\t\t\t\t\t<\/div>\n\t\t\t\t<\/div>\n\t\t<div class=\"elementor-element elementor-element-4390af6 e-flex e-con-boxed e-con e-parent\" data-id=\"4390af6\" data-element_type=\"container\">\n\t\t\t\t\t<div class=\"e-con-inner\">\n\t\t\t\t<div class=\"elementor-element elementor-element-1267123 elementor-widget elementor-widget-html\" data-id=\"1267123\" data-element_type=\"widget\" data-widget_type=\"html.default\">\n\t\t\t\t<div class=\"elementor-widget-container\">\n\t\t\t\t\t<!-- Meta Pixel Code for Workshop -->\n<script>\n!function(f,b,e,v,n,t,s)\n{if(f.fbq)return;n=f.fbq=function(){n.callMethod?\nn.callMethod.apply(n,arguments):n.queue.push(arguments)};\nif(!f._fbq)f._fbq=n;n.push=n;n.loaded=!0;n.version='2.0';\nn.queue=[];t=b.createElement(e);t.async=!0;\nt.src=v;s=b.getElementsByTagName(e)[0];\ns.parentNode.insertBefore(t,s)}(window, document,'script',\n'https:\/\/connect.facebook.net\/en_US\/fbevents.js');\nfbq('init', '2756207971433688');\nfbq('track', 'PageView');\n<\/script>\n<noscript><img height=\"1\" width=\"1\" style=\"display:none\"\nsrc=\"https:\/\/www.facebook.com\/tr?id=2756207971433688&ev=PageView&noscript=1\"\n\/><\/noscript>\n<!-- End Meta Pixel Code -->\n\t\t\t\t<\/div>\n\t\t\t\t<\/div>\n\t\t\t\t\t<\/div>\n\t\t\t\t<\/div>\n\t\t<div class=\"elementor-element elementor-element-1490608 e-con-full e-flex e-con e-parent\" data-id=\"1490608\" data-element_type=\"container\">\n\t\t<div class=\"elementor-element elementor-element-bd287d9 e-con-full e-flex e-con e-child\" data-id=\"bd287d9\" data-element_type=\"container\">\n\t\t\t\t<div class=\"elementor-element elementor-element-811dc16 elementor-widget__width-inherit elementor-invisible elementor-widget elementor-widget-image\" data-id=\"811dc16\" data-element_type=\"widget\" data-settings=\"{&quot;_animation&quot;:&quot;fadeInLeft&quot;,&quot;_animation_mobile&quot;:&quot;none&quot;}\" data-widget_type=\"image.default\">\n\t\t\t\t<div class=\"elementor-widget-container\">\n\t\t\t\t\t\t\t\t\t\t\t\t\t\t\t<img fetchpriority=\"high\" decoding=\"async\" width=\"1707\" height=\"2560\" src=\"https:\/\/studioimperial.hu\/wp-content\/uploads\/2024\/02\/0F6A0317-scaled.jpg\" class=\"attachment-full size-full wp-image-2011\" alt=\"\" srcset=\"https:\/\/studioimperial.hu\/wp-content\/uploads\/2024\/02\/0F6A0317-scaled.jpg 1707w, https:\/\/studioimperial.hu\/wp-content\/uploads\/2024\/02\/0F6A0317-200x300.jpg 200w, https:\/\/studioimperial.hu\/wp-content\/uploads\/2024\/02\/0F6A0317-683x1024.jpg 683w, https:\/\/studioimperial.hu\/wp-content\/uploads\/2024\/02\/0F6A0317-768x1152.jpg 768w, https:\/\/studioimperial.hu\/wp-content\/uploads\/2024\/02\/0F6A0317-1024x1536.jpg 1024w, https:\/\/studioimperial.hu\/wp-content\/uploads\/2024\/02\/0F6A0317-1365x2048.jpg 1365w, https:\/\/studioimperial.hu\/wp-content\/uploads\/2024\/02\/0F6A0317-8x12.jpg 8w, https:\/\/studioimperial.hu\/wp-content\/uploads\/2024\/02\/elementor\/thumbs\/0F6A0317-scaled-r22nhpdpdofuxflqscju7xy6iy5xmhi2hgpp21jd58.jpg 500w\" sizes=\"(max-width: 1707px) 100vw, 1707px\" \/>\t\t\t\t\t\t\t\t\t\t\t\t\t\t\t<\/div>\n\t\t\t\t<\/div>\n\t\t\t\t<\/div>\n\t\t<div class=\"elementor-element elementor-element-2d283f6 e-con-full e-flex e-con e-child\" data-id=\"2d283f6\" data-element_type=\"container\">\n\t\t\t\t<div class=\"elementor-element elementor-element-ac066a1 elementor-invisible elementor-widget elementor-widget-text-editor\" data-id=\"ac066a1\" data-element_type=\"widget\" data-settings=\"{&quot;_animation&quot;:&quot;fadeInRight&quot;,&quot;_animation_mobile&quot;:&quot;none&quot;}\" data-widget_type=\"text-editor.default\">\n\t\t\t\t<div class=\"elementor-widget-container\">\n\t\t\t\t\t\t\t\t\t<p><strong>Helysz\u00edn: Studio Imperial <\/strong>(200nm-es st\u00fadi\u00f3) 3 teremmel \u00e9s egyedi berendez\u00e9ssel (1204 Budapest, T\u00f6r\u00f6k Fl\u00f3ris utca 114.)<\/p><p><strong>Id\u0151pont: <\/strong><\/p><p><strong>2025.04.27 10:00-t\u00f3l<\/strong><\/p><p><strong>2025.05.24 10:00-t\u00f3l<\/strong><\/p><p>Teljes \u00e1r: 84.990 Ft Ft<\/p><p><strong>1 hely\u00fcnk maradt amire kedvezm\u00e9nyes \u00e1r: 64.990 Ft\u00a0<\/strong><\/p><p>Maxim\u00e1lis l\u00e9tsz\u00e1m: 6-7 f\u0151<\/p><p>Tartalom: professzion\u00e1lis modell \u00e9s sminkes<\/p><p>Id\u0151hossz: 5-6 \u00f3ra<\/p><p>Felszerel\u00e9s: St\u00fadi\u00f3 vakuk, \u00e1lland\u00f3 f\u00e9nyek \u00e9s egy\u00e9b f\u00e9nyform\u00e1l\u00f3k, kieg\u00e9sz\u00edt\u0151k<\/p>\t\t\t\t\t\t\t\t<\/div>\n\t\t\t\t<\/div>\n\t\t\t\t<\/div>\n\t\t\t\t<\/div>\n\t\t<div class=\"elementor-element elementor-element-e443f5b e-flex e-con-boxed e-con e-parent\" data-id=\"e443f5b\" data-element_type=\"container\">\n\t\t\t\t\t<div class=\"e-con-inner\">\n\t\t\t\t<div class=\"elementor-element elementor-element-f4978d5 elementor-widget elementor-widget-heading\" data-id=\"f4978d5\" data-element_type=\"widget\" data-widget_type=\"heading.default\">\n\t\t\t\t<div class=\"elementor-widget-container\">\n\t\t\t\t\t<h2 class=\"elementor-heading-title elementor-size-default\">Jelentkez\u00e9s a workshopra<\/h2>\t\t\t\t<\/div>\n\t\t\t\t<\/div>\n\t\t\t\t<div class=\"elementor-element elementor-element-fccc233 elementor-widget elementor-widget-text-editor\" data-id=\"fccc233\" data-element_type=\"widget\" data-widget_type=\"text-editor.default\">\n\t\t\t\t<div class=\"elementor-widget-container\">\n\t\t\t\t\t\t\t\t\t<p>Az al\u00e1bbi id\u0151pontok el\u00e9rhet\u0151ek, kattints a gombra a jelentkez\u00e9shez!<\/p>\t\t\t\t\t\t\t\t<\/div>\n\t\t\t\t<\/div>\n\t\t\t\t\t<\/div>\n\t\t\t\t<\/div>\n\t\t<div class=\"elementor-element elementor-element-c52ab86 e-flex e-con-boxed e-con e-parent\" data-id=\"c52ab86\" data-element_type=\"container\">\n\t\t\t\t\t<div class=\"e-con-inner\">\n\t\t<div class=\"elementor-element elementor-element-485bcc7 e-con-full e-flex e-con e-child\" data-id=\"485bcc7\" data-element_type=\"container\">\n\t\t\t\t<div class=\"elementor-element elementor-element-bc6d770 elementor-align-right elementor-widget__width-inherit elementor-mobile-align-center elementor-widget elementor-widget-button\" data-id=\"bc6d770\" data-element_type=\"widget\" data-widget_type=\"button.default\">\n\t\t\t\t<div class=\"elementor-widget-container\">\n\t\t\t\t\t\t\t\t\t<div class=\"elementor-button-wrapper\">\n\t\t\t\t\t<a class=\"elementor-button elementor-button-link elementor-size-md\" href=\"https:\/\/buy.stripe.com\/9AQdSf0qHgjp7sc7sJ\">\n\t\t\t\t\t\t<span class=\"elementor-button-content-wrapper\">\n\t\t\t\t\t\t\t\t\t<span class=\"elementor-button-text\">\u00c1prilis 27<\/span>\n\t\t\t\t\t<\/span>\n\t\t\t\t\t<\/a>\n\t\t\t\t<\/div>\n\t\t\t\t\t\t\t\t<\/div>\n\t\t\t\t<\/div>\n\t\t\t\t<\/div>\n\t\t<div class=\"elementor-element elementor-element-0c68ac6 e-con-full e-flex e-con e-child\" data-id=\"0c68ac6\" data-element_type=\"container\">\n\t\t\t\t<div class=\"elementor-element elementor-element-dca651b elementor-align-left elementor-widget__width-inherit elementor-mobile-align-center elementor-widget elementor-widget-button\" data-id=\"dca651b\" data-element_type=\"widget\" data-widget_type=\"button.default\">\n\t\t\t\t<div class=\"elementor-widget-container\">\n\t\t\t\t\t\t\t\t\t<div class=\"elementor-button-wrapper\">\n\t\t\t\t\t<a class=\"elementor-button elementor-button-link elementor-size-md\" href=\"https:\/\/buy.stripe.com\/aEU15tgpF0kr3bW3cu\">\n\t\t\t\t\t\t<span class=\"elementor-button-content-wrapper\">\n\t\t\t\t\t\t\t\t\t<span class=\"elementor-button-text\">M\u00e1jus 24<\/span>\n\t\t\t\t\t<\/span>\n\t\t\t\t\t<\/a>\n\t\t\t\t<\/div>\n\t\t\t\t\t\t\t\t<\/div>\n\t\t\t\t<\/div>\n\t\t\t\t<\/div>\n\t\t\t\t\t<\/div>\n\t\t\t\t<\/div>\n\t\t<div class=\"elementor-element elementor-element-d4079fb e-flex e-con-boxed e-con e-parent\" data-id=\"d4079fb\" data-element_type=\"container\">\n\t\t\t\t\t<div class=\"e-con-inner\">\n\t\t\t\t<div class=\"elementor-element elementor-element-ecc3649 elementor-widget elementor-widget-video\" data-id=\"ecc3649\" data-element_type=\"widget\" data-settings=\"{&quot;youtube_url&quot;:&quot;https:\\\/\\\/youtube.com\\\/shorts\\\/izydIBAx9h8?si=G9M7x5Tzh8ELCZiW&quot;,&quot;video_type&quot;:&quot;youtube&quot;,&quot;controls&quot;:&quot;yes&quot;}\" data-widget_type=\"video.default\">\n\t\t\t\t<div class=\"elementor-widget-container\">\n\t\t\t\t\t\t\t<div class=\"elementor-wrapper elementor-open-inline\">\n\t\t\t<div class=\"elementor-video\"><\/div>\t\t<\/div>\n\t\t\t\t\t\t<\/div>\n\t\t\t\t<\/div>\n\t\t\t\t\t<\/div>\n\t\t\t\t<\/div>\n\t\t<div class=\"elementor-element elementor-element-a109a7b e-flex e-con-boxed e-con e-parent\" data-id=\"a109a7b\" data-element_type=\"container\">\n\t\t\t\t\t<div class=\"e-con-inner\">\n\t\t\t\t<div class=\"elementor-element elementor-element-8619a0a elementor-align-center elementor-widget elementor-widget-button\" data-id=\"8619a0a\" data-element_type=\"widget\" data-widget_type=\"button.default\">\n\t\t\t\t<div class=\"elementor-widget-container\">\n\t\t\t\t\t\t\t\t\t<div class=\"elementor-button-wrapper\">\n\t\t\t\t\t<a class=\"elementor-button elementor-button-link elementor-size-md\" href=\"https:\/\/studioimperial.hu\/en\/workshop\/\">\n\t\t\t\t\t\t<span class=\"elementor-button-content-wrapper\">\n\t\t\t\t\t\t\t\t\t<span class=\"elementor-button-text\">vissza<\/span>\n\t\t\t\t\t<\/span>\n\t\t\t\t\t<\/a>\n\t\t\t\t<\/div>\n\t\t\t\t\t\t\t\t<\/div>\n\t\t\t\t<\/div>\n\t\t\t\t\t<\/div>\n\t\t\t\t<\/div>\n\t\t\t\t<\/div>","protected":false},"excerpt":{"rendered":"<p>St\u00fadi\u00f3fot\u00f3z\u00e1s \u00e9s f\u00e9nyhaszn\u00e1lat workshop kezd\u0151knek Helysz\u00edn: Studio Imperial (200nm-es st\u00fadi\u00f3) 3 teremmel \u00e9s egyedi berendez\u00e9ssel (1204 Budapest, T\u00f6r\u00f6k Fl\u00f3ris utca 114.) Id\u0151pont: 2025.04.27 10:00-t\u00f3l 2025.05.24 10:00-t\u00f3l Teljes \u00e1r: 84.990 Ft Ft 1 hely\u00fcnk maradt amire kedvezm\u00e9nyes \u00e1r: 64.990 Ft\u00a0 Maxim\u00e1lis l\u00e9tsz\u00e1m: 6-7 f\u0151 Tartalom: professzion\u00e1lis modell \u00e9s sminkes Id\u0151hossz: 5-6 \u00f3ra Felszerel\u00e9s: St\u00fadi\u00f3 vakuk, \u00e1lland\u00f3 [&hellip;]<\/p>","protected":false},"author":1,"featured_media":0,"parent":0,"menu_order":0,"comment_status":"closed","ping_status":"closed","template":"elementor_header_footer","meta":{"_seopress_robots_primary_cat":"","_seopress_titles_title":"","_seopress_titles_desc":"","_seopress_robots_index":"","footnotes":""},"class_list":["post-2045","page","type-page","status-publish","hentry"],"_links":{"self":[{"href":"https:\/\/studioimperial.hu\/en\/wp-json\/wp\/v2\/pages\/2045","targetHints":{"allow":["GET"]}}],"collection":[{"href":"https:\/\/studioimperial.hu\/en\/wp-json\/wp\/v2\/pages"}],"about":[{"href":"https:\/\/studioimperial.hu\/en\/wp-json\/wp\/v2\/types\/page"}],"author":[{"embeddable":true,"href":"https:\/\/studioimperial.hu\/en\/wp-json\/wp\/v2\/users\/1"}],"replies":[{"embeddable":true,"href":"https:\/\/studioimperial.hu\/en\/wp-json\/wp\/v2\/comments?post=2045"}],"version-history":[{"count":25,"href":"https:\/\/studioimperial.hu\/en\/wp-json\/wp\/v2\/pages\/2045\/revisions"}],"predecessor-version":[{"id":2947,"href":"https:\/\/studioimperial.hu\/en\/wp-json\/wp\/v2\/pages\/2045\/revisions\/2947"}],"wp:attachment":[{"href":"https:\/\/studioimperial.hu\/en\/wp-json\/wp\/v2\/media?parent=2045"}],"curies":[{"name":"wp","href":"https:\/\/api.w.org\/{rel}","templated":true}]}}