{"id":1760,"date":"2023-10-30T19:36:00","date_gmt":"2023-10-30T19:36:00","guid":{"rendered":"https:\/\/studioimperial.hu\/?page_id=1760"},"modified":"2025-03-09T22:24:11","modified_gmt":"2025-03-09T21:24:11","slug":"szolgaltatasok","status":"publish","type":"page","link":"https:\/\/studioimperial.hu\/en\/szolgaltatasok\/","title":{"rendered":"Services"},"content":{"rendered":"<div data-elementor-type=\"wp-page\" data-elementor-id=\"1760\" class=\"elementor elementor-1760\" data-elementor-post-type=\"page\">\n\t\t\t\t<div class=\"elementor-element elementor-element-05dc9d7 e-flex e-con-boxed e-con e-parent\" data-id=\"05dc9d7\" data-element_type=\"container\">\n\t\t\t\t\t<div class=\"e-con-inner\">\n\t\t\t\t<div class=\"elementor-element elementor-element-6cfc862 elementor-widget elementor-widget-heading\" data-id=\"6cfc862\" data-element_type=\"widget\" data-widget_type=\"heading.default\">\n\t\t\t\t<div class=\"elementor-widget-container\">\n\t\t\t\t\t<h2 class=\"elementor-heading-title elementor-size-default\">What kind of service are you looking for?<\/h2>\t\t\t\t<\/div>\n\t\t\t\t<\/div>\n\t\t\t\t<div class=\"elementor-element elementor-element-cf46e96 elementor-widget elementor-widget-eael-interactive-circle\" data-id=\"cf46e96\" data-element_type=\"widget\" data-widget_type=\"eael-interactive-circle.default\">\n\t\t\t\t<div class=\"elementor-widget-container\">\n\t\t\t\t\t        <div id=\"eael-interactive-circle-cf46e96\" class=\"eael-interactive-circle\" data-tabid=\"cf46e96\">\n\t\t\t\n                <div class=\"eael-circle-wrapper eael-interactive-circle-preset-2 eael-interactive-circle-event-click eael-circle-responsive-view\" data-appearance=\"eael-interactive-circle-animation-1\" data-autoplay=\"0\" data-autoplay-interval=\"2000\">\n                    <div class=\"eael-circle-info\">\n                        <div class=\"eael-circle-inner\" data-items=\"5\">\n\t\t\t\t\t\t\t                                <div class=\"eael-circle-item elementor-repeater-item-e815ad3\">\n                                    <div aria-controls=\"eael-interactive-1\" tabindex=\"0\" class=\"eael-circle-btn\" id=\"eael-circle-item-1\">\n                                        <div class=\"eael-circle-icon-shapes\">\n                                            <div class=\"eael-shape-1\"><\/div>\n                                            <div class=\"eael-shape-2\"><\/div>\n                                        <\/div>\n\n\t\t\t\t\t\t\t\t\t\t<!-- Start URL support -->\n\t\t\t\t\t\t\t\t\t\t\t\t\t\t\t\t\t\t\t\t\t<div class=\"eael-circle-btn-icon\">\n\t\t\t\t\t\t\t\t\t\t\t\t<div class=\"eael-circle-btn-icon-inner\">\n\t\t\t\t\t\t\t\t\t\t\t\t\t<i class=\"fas fa-camera\"><\/i><span class=\"eael-circle-btn-txt\">Photography<\/span>\t\t\t\t\t\t\t\t\t\t\t\t<\/div>\n                                        \t<\/div>\n\t\t\t\t\t\t\t\t\t\t\t\t\t\t\t\t\t\t\t\t\t<!-- End URL support -->\n\n                                    <\/div>\n                                    <div class=\"eael-circle-btn-content eael-circle-item-1\">\n                                        <div id=\"eael-interactive1\" aria-labelledby=\"eael-circle-item-1\" class=\"eael-circle-content\">\n\t\t\t\t\t\t\t\t\t\t\t\t\t\t\t\t\t\t\t\t\t\t<p>If you need a photographer click here <a href=\"https:\/\/martonbalazs-photography.com\">Marton Bal\u00e1zs Photography<\/a><\/p>                                        <\/div>\n                                    <\/div>\n                                <\/div>\n\t\t\t\t\t\t\t                                <div class=\"eael-circle-item elementor-repeater-item-1e0629a\">\n                                    <div aria-controls=\"eael-interactive-2\" tabindex=\"0\" class=\"eael-circle-btn\" id=\"eael-circle-item-2\">\n                                        <div class=\"eael-circle-icon-shapes\">\n                                            <div class=\"eael-shape-1\"><\/div>\n                                            <div class=\"eael-shape-2\"><\/div>\n                                        <\/div>\n\n\t\t\t\t\t\t\t\t\t\t<!-- Start URL support -->\n\t\t\t\t\t\t\t\t\t\t\t\t\t\t\t\t\t\t\t\t\t<div class=\"eael-circle-btn-icon\">\n\t\t\t\t\t\t\t\t\t\t\t\t<div class=\"eael-circle-btn-icon-inner\">\n\t\t\t\t\t\t\t\t\t\t\t\t\t<i class=\"fas fa-video\"><\/i><span class=\"eael-circle-btn-txt\">Videography<\/span>\t\t\t\t\t\t\t\t\t\t\t\t<\/div>\n                                        \t<\/div>\n\t\t\t\t\t\t\t\t\t\t\t\t\t\t\t\t\t\t\t\t\t<!-- End URL support -->\n\n                                    <\/div>\n                                    <div class=\"eael-circle-btn-content eael-circle-item-2\">\n                                        <div id=\"eael-interactive2\" aria-labelledby=\"eael-circle-item-2\" class=\"eael-circle-content\">\n\t\t\t\t\t\t\t\t\t\t\t\t\t\t\t\t\t\t\t\t\t\t<p>Professzion\u00e1lis vide\u00f3 forgat\u00e1s<br \/>Telephone number: +36 30 308 1793<\/p>                                        <\/div>\n                                    <\/div>\n                                <\/div>\n\t\t\t\t\t\t\t                                <div class=\"eael-circle-item elementor-repeater-item-d5bbf4a\">\n                                    <div aria-controls=\"eael-interactive-3\" tabindex=\"0\" class=\"eael-circle-btn\" id=\"eael-circle-item-3\">\n                                        <div class=\"eael-circle-icon-shapes\">\n                                            <div class=\"eael-shape-1\"><\/div>\n                                            <div class=\"eael-shape-2\"><\/div>\n                                        <\/div>\n\n\t\t\t\t\t\t\t\t\t\t<!-- Start URL support -->\n\t\t\t\t\t\t\t\t\t\t\t\t\t\t\t\t\t\t\t\t\t<div class=\"eael-circle-btn-icon\">\n\t\t\t\t\t\t\t\t\t\t\t\t<div class=\"eael-circle-btn-icon-inner\">\n\t\t\t\t\t\t\t\t\t\t\t\t\t<i class=\"fas fa-laptop\"><\/i><span class=\"eael-circle-btn-txt\">Social Media<\/span>\t\t\t\t\t\t\t\t\t\t\t\t<\/div>\n                                        \t<\/div>\n\t\t\t\t\t\t\t\t\t\t\t\t\t\t\t\t\t\t\t\t\t<!-- End URL support -->\n\n                                    <\/div>\n                                    <div class=\"eael-circle-btn-content eael-circle-item-3\">\n                                        <div id=\"eael-interactive3\" aria-labelledby=\"eael-circle-item-3\" class=\"eael-circle-content\">\n\t\t\t\t\t\t\t\t\t\t\t\t\t\t\t\t\t\t\t\t\t\t<p>Social Media Management\u00a0<\/p><p>Telephone number: +36 30 308 1793<\/p>                                        <\/div>\n                                    <\/div>\n                                <\/div>\n\t\t\t\t\t\t\t                                <div class=\"eael-circle-item elementor-repeater-item-8099a30\">\n                                    <div aria-controls=\"eael-interactive-4\" tabindex=\"0\" class=\"eael-circle-btn\" id=\"eael-circle-item-4\">\n                                        <div class=\"eael-circle-icon-shapes\">\n                                            <div class=\"eael-shape-1\"><\/div>\n                                            <div class=\"eael-shape-2\"><\/div>\n                                        <\/div>\n\n\t\t\t\t\t\t\t\t\t\t<!-- Start URL support -->\n\t\t\t\t\t\t\t\t\t\t\t\t\t\t\t\t\t\t\t\t\t<div class=\"eael-circle-btn-icon\">\n\t\t\t\t\t\t\t\t\t\t\t\t<div class=\"eael-circle-btn-icon-inner\">\n\t\t\t\t\t\t\t\t\t\t\t\t\t<i class=\"far fa-edit\"><\/i><span class=\"eael-circle-btn-txt\">Content<\/span>\t\t\t\t\t\t\t\t\t\t\t\t<\/div>\n                                        \t<\/div>\n\t\t\t\t\t\t\t\t\t\t\t\t\t\t\t\t\t\t\t\t\t<!-- End URL support -->\n\n                                    <\/div>\n                                    <div class=\"eael-circle-btn-content eael-circle-item-4\">\n                                        <div id=\"eael-interactive4\" aria-labelledby=\"eael-circle-item-4\" class=\"eael-circle-content\">\n\t\t\t\t\t\t\t\t\t\t\t\t\t\t\t\t\t\t\t\t\t\t<p>Puzzlegoalsz - Content Creation<\/p><p><a href=\"https:\/\/puzzlegoalsz.my.canva.site\">\u00a0Our Portfolio - <\/a><a href=\"https:\/\/www.instagram.com\/puzzlegoalsz\/\">Instagram - <\/a><a href=\"https:\/\/www.tiktok.com\/@puzzlegoalsz\">TikTok<\/a><\/p>                                        <\/div>\n                                    <\/div>\n                                <\/div>\n\t\t\t\t\t\t\t                                <div class=\"eael-circle-item elementor-repeater-item-477476c\">\n                                    <div aria-controls=\"eael-interactive-5\" tabindex=\"0\" class=\"eael-circle-btn\" id=\"eael-circle-item-5\">\n                                        <div class=\"eael-circle-icon-shapes\">\n                                            <div class=\"eael-shape-1\"><\/div>\n                                            <div class=\"eael-shape-2\"><\/div>\n                                        <\/div>\n\n\t\t\t\t\t\t\t\t\t\t<!-- Start URL support -->\n\t\t\t\t\t\t\t\t\t\t\t\t\t\t\t\t\t\t\t\t\t<div class=\"eael-circle-btn-icon\">\n\t\t\t\t\t\t\t\t\t\t\t\t<div class=\"eael-circle-btn-icon-inner\">\n\t\t\t\t\t\t\t\t\t\t\t\t\t<i class=\"fas fa-paint-brush\"><\/i><span class=\"eael-circle-btn-txt\">Workshop<\/span>\t\t\t\t\t\t\t\t\t\t\t\t<\/div>\n                                        \t<\/div>\n\t\t\t\t\t\t\t\t\t\t\t\t\t\t\t\t\t\t\t\t\t<!-- End URL support -->\n\n                                    <\/div>\n                                    <div class=\"eael-circle-btn-content eael-circle-item-5\">\n                                        <div id=\"eael-interactive5\" aria-labelledby=\"eael-circle-item-5\" class=\"eael-circle-content\">\n\t\t\t\t\t\t\t\t\t\t\t\t\t\t\t\t\t\t\t\t\t\t<h2 class=\"elementor-heading-title elementor-size-default\"><a href=\"https:\/\/studioimperial.hu\/en\/workshop\/\">Studio Photography and usage of the lights <\/a><br \/><a href=\"https:\/\/studioimperial.hu\/en\/workshop\/\">Workshop for beginners<\/a><\/h2>                                        <\/div>\n                                    <\/div>\n                                <\/div>\n\t\t\t\t\t\t\t\n                        <\/div>\n                    <\/div>\n                <\/div>\n\t\t\t\n        <\/div>\n\t\t\t\t\t<\/div>\n\t\t\t\t<\/div>\n\t\t\t\t\t<\/div>\n\t\t\t\t<\/div>\n\t\t<div class=\"elementor-element elementor-element-bd5386b e-flex e-con-boxed e-con e-parent\" data-id=\"bd5386b\" data-element_type=\"container\">\n\t\t\t\t\t<div class=\"e-con-inner\">\n\t\t\t\t<div class=\"elementor-element elementor-element-0ec655c elementor-widget elementor-widget-text-editor\" data-id=\"0ec655c\" data-element_type=\"widget\" data-widget_type=\"text-editor.default\">\n\t\t\t\t<div class=\"elementor-widget-container\">\n\t\t\t\t\t\t\t\t\t<h5>Reach out to us on any of our contacts, if you would like to work with us or order our additional services.<\/h5>\t\t\t\t\t\t\t\t<\/div>\n\t\t\t\t<\/div>\n\t\t\t\t\t<\/div>\n\t\t\t\t<\/div>\n\t\t<div class=\"elementor-element elementor-element-eecb6c2 e-flex e-con-boxed e-con e-parent\" data-id=\"eecb6c2\" data-element_type=\"container\">\n\t\t\t\t\t<div class=\"e-con-inner\">\n\t\t\t\t\t<\/div>\n\t\t\t\t<\/div>\n\t\t\t\t<\/div>","protected":false},"excerpt":{"rendered":"<p>Milyen szolg\u00e1ltat\u00e1sra van sz\u00fcks\u00e9ged? Fot\u00f3z\u00e1s Ha fot\u00f3st keresel kattints ide Marton Bal\u00e1zs Photography Vide\u00f3z\u00e1s Professzion\u00e1lis vide\u00f3 forgat\u00e1sTelefonsz\u00e1m: +36 30 308 1793 Social Media Social Media Management\u00a0 Telefonsz\u00e1m: +36 30 308 1793 Kontent Puzzlegoalsz &#8211; Tartalomgy\u00e1rt\u00e1s \u00a0Portf\u00f3li\u00f3nk &#8211; Instagram &#8211; TikTok Workshop ST\u00daDI\u00d3FOT\u00d3Z\u00c1S \u00c9S F\u00c9NYHASZN\u00c1LAT WORKSHOP KEZD\u0150KNEK Keress el\u00e9rhet\u0151s\u00e9geink b\u00e1rmelyik\u00e9n, ha szeretn\u00e9d ig\u00e9nybevenni sz\u00e9lesk\u00f6r\u0171 szolg\u00e1ltat\u00e1saink.<\/p>","protected":false},"author":1,"featured_media":0,"parent":0,"menu_order":0,"comment_status":"closed","ping_status":"closed","template":"elementor_header_footer","meta":{"_seopress_robots_primary_cat":"","_seopress_titles_title":"","_seopress_titles_desc":"","_seopress_robots_index":"","footnotes":""},"class_list":["post-1760","page","type-page","status-publish","hentry"],"_links":{"self":[{"href":"https:\/\/studioimperial.hu\/en\/wp-json\/wp\/v2\/pages\/1760","targetHints":{"allow":["GET"]}}],"collection":[{"href":"https:\/\/studioimperial.hu\/en\/wp-json\/wp\/v2\/pages"}],"about":[{"href":"https:\/\/studioimperial.hu\/en\/wp-json\/wp\/v2\/types\/page"}],"author":[{"embeddable":true,"href":"https:\/\/studioimperial.hu\/en\/wp-json\/wp\/v2\/users\/1"}],"replies":[{"embeddable":true,"href":"https:\/\/studioimperial.hu\/en\/wp-json\/wp\/v2\/comments?post=1760"}],"version-history":[{"count":25,"href":"https:\/\/studioimperial.hu\/en\/wp-json\/wp\/v2\/pages\/1760\/revisions"}],"predecessor-version":[{"id":2725,"href":"https:\/\/studioimperial.hu\/en\/wp-json\/wp\/v2\/pages\/1760\/revisions\/2725"}],"wp:attachment":[{"href":"https:\/\/studioimperial.hu\/en\/wp-json\/wp\/v2\/media?parent=1760"}],"curies":[{"name":"wp","href":"https:\/\/api.w.org\/{rel}","templated":true}]}}